{"id":2022,"date":"2022-06-01T10:52:17","date_gmt":"2022-06-01T08:52:17","guid":{"rendered":"https:\/\/www.hyalutidin.com\/terms-of-use\/"},"modified":"2023-02-16T12:06:00","modified_gmt":"2023-02-16T10:06:00","slug":"conditions-dutilisation","status":"publish","type":"page","link":"https:\/\/www.hyalutidin.com\/fr\/conditions-dutilisation\/","title":{"rendered":"Conditions d\u2019utilisation"},"content":{"rendered":"\t\t<div data-elementor-type=\"wp-page\" data-elementor-id=\"2022\" class=\"elementor elementor-2022 elementor-35\" data-elementor-post-type=\"page\">\n\t\t\t\t\t\t<section class=\"elementor-section elementor-top-section elementor-element elementor-element-1176bf84 elementor-section-boxed elementor-section-height-default elementor-section-height-default\" data-id=\"1176bf84\" data-element_type=\"section\">\n\t\t\t\t\t\t<div class=\"elementor-container elementor-column-gap-default\">\n\t\t\t\t\t<div class=\"elementor-column elementor-col-100 elementor-top-column elementor-element elementor-element-2c4aedb4\" data-id=\"2c4aedb4\" data-element_type=\"column\">\n\t\t\t<div class=\"elementor-widget-wrap elementor-element-populated\">\n\t\t\t\t\t\t<div class=\"elementor-element elementor-element-7391c094 elementor-widget elementor-widget-text-editor\" data-id=\"7391c094\" data-element_type=\"widget\" data-widget_type=\"text-editor.default\">\n\t\t\t\t<div class=\"elementor-widget-container\">\n\t\t\t\t\t\t\tTous les contenus sont soigneusement v\u00e9rifi\u00e9s et compil\u00e9s au mieux de nos connaissances et de bonne foi. Nous nous effor\u00e7ons d\u2019\u00e9largir et d\u2019actualiser en permanence cette offre d\u2019informations, mais nous ne pouvons pas en garantir l\u2019exhaustivit\u00e9, l\u2019exactitude et l\u2019actualit\u00e9. Par exemple, nous ne pouvons pas \u00eatre tenus pour responsables du succ\u00e8s des cultures de plantes, car celui-ci d\u00e9pend aussi de facteurs incontr\u00f4lables qui n\u2019ont rien \u00e0 voir avec la qualit\u00e9 des vari\u00e9t\u00e9s. LIVISTO Group GmbH n\u2019est pas responsable des pertes ou dommages li\u00e9s \u00e0 l\u2019utilisation du contenu de nos pages web. LIVISTO Group GmbH n\u2019est pas responsable des dommages indirects de nature mat\u00e9rielle ou immat\u00e9rielle, des dommages cons\u00e9cutifs caus\u00e9s par des d\u00e9fauts ou du manque \u00e0 gagner r\u00e9sultant de l\u2019utilisation ou de la non-utilisation des informations propos\u00e9es ou des logiciels qu\u2019elles contiennent. Toutes les offres sont susceptibles d\u2019\u00eatre modifi\u00e9es et non contractuelles. LIVISTO Group GmbH se r\u00e9serve express\u00e9ment le droit de modifier, de compl\u00e9ter ou de supprimer des parties de pages ou l\u2019ensemble de l\u2019offre sans avis pr\u00e9alable, ou d\u2019en suspendre temporairement ou d\u00e9finitivement la publication.\n<h3>Contenu de l\u2019offre en ligne<\/h3>\nTous les contenus sont soigneusement v\u00e9rifi\u00e9s et compil\u00e9s au mieux de nos connaissances et de bonne foi. Nous nous effor\u00e7ons d\u2019\u00e9largir et d\u2019actualiser en permanence cette offre d\u2019informations, mais nous ne pouvons pas en garantir l\u2019exhaustivit\u00e9, l\u2019exactitude et l\u2019actualit\u00e9. Par exemple, nous ne pouvons pas \u00eatre tenus pour responsables du succ\u00e8s des cultures de plantes, car celui-ci d\u00e9pend \u00e9galement de facteurs incontr\u00f4lables qui n\u2019ont rien \u00e0 voir avec la qualit\u00e9 des vari\u00e9t\u00e9s. LIVISTO Group GmbH n\u2019est pas responsable des pertes ou dommages li\u00e9s \u00e0 l\u2019utilisation du contenu de nos pages web. LIVISTO Group GmbH n\u2019est pas responsable des dommages indirects de nature mat\u00e9rielle ou immat\u00e9rielle, des dommages cons\u00e9cutifs caus\u00e9s par des d\u00e9fauts ou du manque \u00e0 gagner r\u00e9sultant de l\u2019utilisation ou de la non-utilisation des informations propos\u00e9es ou des logiciels qu\u2019elles contiennent. Toutes les offres sont susceptibles d\u2019\u00eatre modifi\u00e9es et non contractuelles. LIVISTO Group GmbH se r\u00e9serve express\u00e9ment le droit de modifier, de compl\u00e9ter ou de supprimer des parties de pages ou l\u2019ensemble de l\u2019offre sans avis pr\u00e9alable, ou d\u2019en suspendre temporairement ou d\u00e9finitivement la publication.\n<h3>Droit d\u2019auteur<\/h3>\nLe contenu du site Internet de LIVISTO Group GmbH est prot\u00e9g\u00e9 par le droit d\u2019auteur. Tous les droits sont r\u00e9serv\u00e9s. Le droit d\u2019auteur pour les objets publi\u00e9s qui ont \u00e9t\u00e9 cr\u00e9\u00e9s par LIVISTO Group GmbH lui-m\u00eame reste la propri\u00e9t\u00e9 exclusive de LIVISTO Group GmbH. Toute reproduction ou utilisation de tels graphiques, documents sonores, s\u00e9quences vid\u00e9o et textes dans d\u2019autres publications \u00e9lectroniques ou imprim\u00e9es est interdite sans l\u2019autorisation expresse de LIVISTO Group GmbH.\n\nDans toutes les publications, LIVISTO Group GmbH s\u2019efforce de respecter les droits d\u2019auteur sur les graphiques, documents sonores, s\u00e9quences vid\u00e9o et textes utilis\u00e9s, d\u2019utiliser des graphiques, documents sonores, s\u00e9quences vid\u00e9o et textes que nous avons cr\u00e9\u00e9s nous-m\u00eames ou de recourir \u00e0 des graphiques, documents sonores, s\u00e9quences vid\u00e9o et textes libres de droits. Toutes les marques et marques d\u00e9pos\u00e9es, noms commerciaux et d\u00e9signations g\u00e9n\u00e9riques mentionn\u00e9s dans notre offre Internet et \u00e9ventuellement prot\u00e9g\u00e9s par les droits de tiers sont soumis sans restriction aux dispositions du droit des marques et des signes distinctifs pertinents et aux droits de propri\u00e9t\u00e9 des propri\u00e9taires enregistr\u00e9s respectifs. Le simple fait de mentionner des marques ne permet pas de conclure qu\u2019elles ne sont pas prot\u00e9g\u00e9es par des droits de tiers!\n<h3>Votre vie priv\u00e9e et la protection de vos donn\u00e9es personnelles<\/h3>\nVotre satisfaction est une priorit\u00e9 pour LIVISTO Group GmbH. En ce sens, nous consid\u00e9rons \u00e9galement qu\u2019il est de notre devoir de prot\u00e9ger les donn\u00e9es \u00e0 caract\u00e8re personnel que nous collectons. Nous n\u2019utilisons les informations recueillies \u00e0 votre sujet qu\u2019\u00e0 des fins op\u00e9rationnelles, c\u2019est-\u00e0-dire principalement pour vous permettre d\u2019utiliser nos offres de mani\u00e8re plus confortable et plus cibl\u00e9e. LIVISTO Group GmbH ne met pas vos donn\u00e9es \u00e0 caract\u00e8re personnel \u00e0 la disposition de tiers en dehors de l\u2019entreprise. Le strict respect de la confidentialit\u00e9 de vos donn\u00e9es est pour nous une \u00e9vidence.\n<h3>Validit\u00e9 de cette clause de non-responsabilit\u00e9<\/h3>\nLa pr\u00e9sente claude de non-responsabilit\u00e9 doit \u00eatre consid\u00e9r\u00e9e comme faisant partie de l\u2019offre Internet \u00e0 partir de laquelle vous avez \u00e9t\u00e9 dirig\u00e9 jusqu\u2019\u00e0 cette page. Si des parties ou certaines formulations de ce texte ne devaient pas, plus ou pas enti\u00e8rement correspondre \u00e0 la situation juridique en vigueur, le contenu et la validit\u00e9 des autres parties du document n\u2019en seraient pas affect\u00e9s.\t\t\t\t\t\t<\/div>\n\t\t\t\t<\/div>\n\t\t\t\t\t<\/div>\n\t\t<\/div>\n\t\t\t\t\t<\/div>\n\t\t<\/section>\n\t\t\t\t<\/div>\n\t\t","protected":false},"excerpt":{"rendered":"<p>Tous les contenus sont soigneusement v\u00e9rifi\u00e9s et compil\u00e9s au mieux de nos connaissances et de bonne foi. Nous nous effor\u00e7ons d\u2019\u00e9largir et d\u2019actualiser en permanence cette offre d\u2019informations, mais nous ne pouvons pas en garantir l\u2019exhaustivit\u00e9, l\u2019exactitude et l\u2019actualit\u00e9. Par exemple, nous ne pouvons pas \u00eatre tenus pour responsables du succ\u00e8s des cultures de plantes, [&hellip;]<\/p>\n","protected":false},"author":1,"featured_media":0,"parent":0,"menu_order":90,"comment_status":"closed","ping_status":"closed","template":"page-standard.php","meta":{"inline_featured_image":false,"footnotes":""},"yoast_head":"<!-- This site is optimized with the Yoast SEO plugin v23.0 - https:\/\/yoast.com\/wordpress\/plugins\/seo\/ -->\n<title>Conditions d\u2019utilisation - HYALUTIDIN\u00ae DC<\/title>\n<meta name=\"robots\" content=\"index, follow, max-snippet:-1, max-image-preview:large, max-video-preview:-1\" \/>\n<link rel=\"canonical\" href=\"https:\/\/www.hyalutidin.com\/fr\/conditions-dutilisation\/\" \/>\n<meta property=\"og:locale\" content=\"fr_FR\" \/>\n<meta property=\"og:type\" content=\"article\" \/>\n<meta property=\"og:title\" content=\"Conditions d\u2019utilisation - HYALUTIDIN\u00ae DC\" \/>\n<meta property=\"og:description\" content=\"Tous les contenus sont soigneusement v\u00e9rifi\u00e9s et compil\u00e9s au mieux de nos connaissances et de bonne foi. Nous nous effor\u00e7ons d\u2019\u00e9largir et d\u2019actualiser en permanence cette offre d\u2019informations, mais nous ne pouvons pas en garantir l\u2019exhaustivit\u00e9, l\u2019exactitude et l\u2019actualit\u00e9. Par exemple, nous ne pouvons pas \u00eatre tenus pour responsables du succ\u00e8s des cultures de plantes, [&hellip;]\" \/>\n<meta property=\"og:url\" content=\"https:\/\/www.hyalutidin.com\/fr\/conditions-dutilisation\/\" \/>\n<meta property=\"og:site_name\" content=\"HYALUTIDIN\u00ae DC\" \/>\n<meta property=\"article:modified_time\" content=\"2023-02-16T10:06:00+00:00\" \/>\n<meta name=\"twitter:card\" content=\"summary_large_image\" \/>\n<meta name=\"twitter:label1\" content=\"Dur\u00e9e de lecture estim\u00e9e\" \/>\n\t<meta name=\"twitter:data1\" content=\"4 minutes\" \/>\n<script type=\"application\/ld+json\" class=\"yoast-schema-graph\">{\"@context\":\"https:\/\/schema.org\",\"@graph\":[{\"@type\":\"WebPage\",\"@id\":\"https:\/\/www.hyalutidin.com\/fr\/conditions-dutilisation\/\",\"url\":\"https:\/\/www.hyalutidin.com\/fr\/conditions-dutilisation\/\",\"name\":\"Conditions d\u2019utilisation - HYALUTIDIN\u00ae DC\",\"isPartOf\":{\"@id\":\"https:\/\/www.hyalutidin.com\/fr\/#website\"},\"datePublished\":\"2022-06-01T08:52:17+00:00\",\"dateModified\":\"2023-02-16T10:06:00+00:00\",\"breadcrumb\":{\"@id\":\"https:\/\/www.hyalutidin.com\/fr\/conditions-dutilisation\/#breadcrumb\"},\"inLanguage\":\"fr-FR\",\"potentialAction\":[{\"@type\":\"ReadAction\",\"target\":[\"https:\/\/www.hyalutidin.com\/fr\/conditions-dutilisation\/\"]}]},{\"@type\":\"BreadcrumbList\",\"@id\":\"https:\/\/www.hyalutidin.com\/fr\/conditions-dutilisation\/#breadcrumb\",\"itemListElement\":[{\"@type\":\"ListItem\",\"position\":1,\"name\":\"Home\",\"item\":\"https:\/\/www.hyalutidin.com\/fr\/\"},{\"@type\":\"ListItem\",\"position\":2,\"name\":\"Conditions d\u2019utilisation\"}]},{\"@type\":\"WebSite\",\"@id\":\"https:\/\/www.hyalutidin.com\/fr\/#website\",\"url\":\"https:\/\/www.hyalutidin.com\/fr\/\",\"name\":\"HYALUTIDIN\u00ae DC\",\"description\":\"Helps to improve joint mobility\",\"publisher\":{\"@id\":\"https:\/\/www.hyalutidin.com\/fr\/#organization\"},\"potentialAction\":[{\"@type\":\"SearchAction\",\"target\":{\"@type\":\"EntryPoint\",\"urlTemplate\":\"https:\/\/www.hyalutidin.com\/fr\/?s={search_term_string}\"},\"query-input\":\"required name=search_term_string\"}],\"inLanguage\":\"fr-FR\"},{\"@type\":\"Organization\",\"@id\":\"https:\/\/www.hyalutidin.com\/fr\/#organization\",\"name\":\"HYALUTIDIN\u00ae DC\",\"url\":\"https:\/\/www.hyalutidin.com\/fr\/\",\"logo\":{\"@type\":\"ImageObject\",\"inLanguage\":\"fr-FR\",\"@id\":\"https:\/\/www.hyalutidin.com\/fr\/#\/schema\/logo\/image\/\",\"url\":\"https:\/\/www.hyalutidin.com\/wp-content\/uploads\/2022\/06\/livisto.png\",\"contentUrl\":\"https:\/\/www.hyalutidin.com\/wp-content\/uploads\/2022\/06\/livisto.png\",\"width\":82,\"height\":44,\"caption\":\"HYALUTIDIN\u00ae DC\"},\"image\":{\"@id\":\"https:\/\/www.hyalutidin.com\/fr\/#\/schema\/logo\/image\/\"}}]}<\/script>\n<!-- \/ Yoast SEO plugin. -->","yoast_head_json":{"title":"Conditions d\u2019utilisation - HYALUTIDIN\u00ae DC","robots":{"index":"index","follow":"follow","max-snippet":"max-snippet:-1","max-image-preview":"max-image-preview:large","max-video-preview":"max-video-preview:-1"},"canonical":"https:\/\/www.hyalutidin.com\/fr\/conditions-dutilisation\/","og_locale":"fr_FR","og_type":"article","og_title":"Conditions d\u2019utilisation - HYALUTIDIN\u00ae DC","og_description":"Tous les contenus sont soigneusement v\u00e9rifi\u00e9s et compil\u00e9s au mieux de nos connaissances et de bonne foi. Nous nous effor\u00e7ons d\u2019\u00e9largir et d\u2019actualiser en permanence cette offre d\u2019informations, mais nous ne pouvons pas en garantir l\u2019exhaustivit\u00e9, l\u2019exactitude et l\u2019actualit\u00e9. Par exemple, nous ne pouvons pas \u00eatre tenus pour responsables du succ\u00e8s des cultures de plantes, [&hellip;]","og_url":"https:\/\/www.hyalutidin.com\/fr\/conditions-dutilisation\/","og_site_name":"HYALUTIDIN\u00ae DC","article_modified_time":"2023-02-16T10:06:00+00:00","twitter_card":"summary_large_image","twitter_misc":{"Dur\u00e9e de lecture estim\u00e9e":"4 minutes"},"schema":{"@context":"https:\/\/schema.org","@graph":[{"@type":"WebPage","@id":"https:\/\/www.hyalutidin.com\/fr\/conditions-dutilisation\/","url":"https:\/\/www.hyalutidin.com\/fr\/conditions-dutilisation\/","name":"Conditions d\u2019utilisation - HYALUTIDIN\u00ae DC","isPartOf":{"@id":"https:\/\/www.hyalutidin.com\/fr\/#website"},"datePublished":"2022-06-01T08:52:17+00:00","dateModified":"2023-02-16T10:06:00+00:00","breadcrumb":{"@id":"https:\/\/www.hyalutidin.com\/fr\/conditions-dutilisation\/#breadcrumb"},"inLanguage":"fr-FR","potentialAction":[{"@type":"ReadAction","target":["https:\/\/www.hyalutidin.com\/fr\/conditions-dutilisation\/"]}]},{"@type":"BreadcrumbList","@id":"https:\/\/www.hyalutidin.com\/fr\/conditions-dutilisation\/#breadcrumb","itemListElement":[{"@type":"ListItem","position":1,"name":"Home","item":"https:\/\/www.hyalutidin.com\/fr\/"},{"@type":"ListItem","position":2,"name":"Conditions d\u2019utilisation"}]},{"@type":"WebSite","@id":"https:\/\/www.hyalutidin.com\/fr\/#website","url":"https:\/\/www.hyalutidin.com\/fr\/","name":"HYALUTIDIN\u00ae DC","description":"Helps to improve joint mobility","publisher":{"@id":"https:\/\/www.hyalutidin.com\/fr\/#organization"},"potentialAction":[{"@type":"SearchAction","target":{"@type":"EntryPoint","urlTemplate":"https:\/\/www.hyalutidin.com\/fr\/?s={search_term_string}"},"query-input":"required name=search_term_string"}],"inLanguage":"fr-FR"},{"@type":"Organization","@id":"https:\/\/www.hyalutidin.com\/fr\/#organization","name":"HYALUTIDIN\u00ae DC","url":"https:\/\/www.hyalutidin.com\/fr\/","logo":{"@type":"ImageObject","inLanguage":"fr-FR","@id":"https:\/\/www.hyalutidin.com\/fr\/#\/schema\/logo\/image\/","url":"https:\/\/www.hyalutidin.com\/wp-content\/uploads\/2022\/06\/livisto.png","contentUrl":"https:\/\/www.hyalutidin.com\/wp-content\/uploads\/2022\/06\/livisto.png","width":82,"height":44,"caption":"HYALUTIDIN\u00ae DC"},"image":{"@id":"https:\/\/www.hyalutidin.com\/fr\/#\/schema\/logo\/image\/"}}]}},"_links":{"self":[{"href":"https:\/\/www.hyalutidin.com\/fr\/wp-json\/wp\/v2\/pages\/2022"}],"collection":[{"href":"https:\/\/www.hyalutidin.com\/fr\/wp-json\/wp\/v2\/pages"}],"about":[{"href":"https:\/\/www.hyalutidin.com\/fr\/wp-json\/wp\/v2\/types\/page"}],"author":[{"embeddable":true,"href":"https:\/\/www.hyalutidin.com\/fr\/wp-json\/wp\/v2\/users\/1"}],"replies":[{"embeddable":true,"href":"https:\/\/www.hyalutidin.com\/fr\/wp-json\/wp\/v2\/comments?post=2022"}],"version-history":[{"count":2,"href":"https:\/\/www.hyalutidin.com\/fr\/wp-json\/wp\/v2\/pages\/2022\/revisions"}],"predecessor-version":[{"id":2024,"href":"https:\/\/www.hyalutidin.com\/fr\/wp-json\/wp\/v2\/pages\/2022\/revisions\/2024"}],"wp:attachment":[{"href":"https:\/\/www.hyalutidin.com\/fr\/wp-json\/wp\/v2\/media?parent=2022"}],"curies":[{"name":"wp","href":"https:\/\/api.w.org\/{rel}","templated":true}]}}