{"id":1435,"date":"2022-06-01T10:51:46","date_gmt":"2022-06-01T08:51:46","guid":{"rendered":"https:\/\/www.hyalutidin.com\/cookie-policy\/"},"modified":"2023-11-14T11:37:59","modified_gmt":"2023-11-14T09:37:59","slug":"politica-de-cookies","status":"publish","type":"page","link":"https:\/\/www.hyalutidin.com\/es\/politica-de-cookies\/","title":{"rendered":"Pol\u00edtica de cookies"},"content":{"rendered":"\t\t<div data-elementor-type=\"wp-page\" data-elementor-id=\"1435\" class=\"elementor elementor-1435 elementor-31\" data-elementor-post-type=\"page\">\n\t\t\t\t\t\t<section class=\"elementor-section elementor-top-section elementor-element elementor-element-6896baa4 elementor-section-boxed elementor-section-height-default elementor-section-height-default\" data-id=\"6896baa4\" data-element_type=\"section\">\n\t\t\t\t\t\t<div class=\"elementor-container elementor-column-gap-default\">\n\t\t\t\t\t<div class=\"elementor-column elementor-col-100 elementor-top-column elementor-element elementor-element-4aa946a2\" data-id=\"4aa946a2\" data-element_type=\"column\">\n\t\t\t<div class=\"elementor-widget-wrap elementor-element-populated\">\n\t\t\t\t\t\t<div class=\"elementor-element elementor-element-13580210 elementor-widget elementor-widget-text-editor\" data-id=\"13580210\" data-element_type=\"widget\" data-widget_type=\"text-editor.default\">\n\t\t\t\t<div class=\"elementor-widget-container\">\n\t\t\t\t\t\t\t<p><strong>INDUSTRIAL VETERINARIA, S.A. una compa\u00f1\u00eda del Grupo LIVISTO, ha desarrollado esta pol\u00edtica para informarle de qu\u00e9 es una cookie, cu\u00e1les usamos en esta web y ayudarle a poder gestionarlas seg\u00fan sea de su inter\u00e9s.<\/strong><\/p>\n<p>Con su visita a nuestra web est\u00e1 siendo informado de la existencia de cookies y de la presente pol\u00edtica de cookies. Con la aceptaci\u00f3n de la pol\u00edtica de cookies, <u>est\u00e1 consintiendo la instalaci\u00f3n de las cookies<\/u>&nbsp;informadas (salvo que haya modificado la configuraci\u00f3n de su navegador para rechazar cookies).<\/p>\n<p>Una \u201cCookie\u201d es un peque\u00f1o archivo de texto que un sitio web almacena en el&nbsp;navegador del usuario. Las cookies facilitan el uso y la navegaci\u00f3n por una p\u00e1gina web y son esenciales para el funcionamiento de internet, aportando innumerables ventajas en la prestaci\u00f3n de servicios interactivos.<\/p>\n<p>Las cookies se utilizan por ejemplo para gestionar la sesi\u00f3n del usuario (reduciendo el n\u00famero de veces que tiene que incluir su contrase\u00f1a) o para adecuar los contenidos de una p\u00e1gina web a sus preferencias. Las cookies pueden ser de \u201csesi\u00f3n\u201d, por lo que se borrar\u00e1n una vez el usuario abandone la p\u00e1gina web que las gener\u00f3, o \u201cpersistentes\u201d, que permanecen en su ordenador hasta una fecha determinada.<\/p>\n<p>Este documento de \u201cUso de Cookies\u201d ha sido elaborado a partir de una auditor\u00eda t\u00e9cnica externa estando, por tanto, sujeto a actualizaciones peri\u00f3dicas. Su prop\u00f3sito es ayudarle a comprender el uso que la presente p\u00e1gina web hace de las cookies, la finalidad de las cookies utilizadas, as\u00ed como de las opciones que el usuario tiene a su disposici\u00f3n para gestionarlas.<\/p>\n<p>La aceptaci\u00f3n de esta pol\u00edtica de cookies y con la funcionalidad de su navegador habilitada para aceptar las mismas, implica la aceptaci\u00f3n por parte del usuario de la tecnolog\u00eda cookie utilizada por este website.<br><br><\/p><p><strong>Ejemplos de Tipo de cookies:<\/strong><\/p>\n<p><strong style=\"font-family: var( --e-global-typography-text-font-family ), Sans-serif; font-size: var( --e-global-typography-text-font-size );\">Cookies t\u00e9cnicas o de uso interno<\/strong><\/p>\n<p>Son&nbsp;<em>cookies t\u00e9cnicas o de uso interno,<\/em> las&nbsp;imprescindibles para el funcionamiento de una web, como, por ejemplo, aquellas que permiten la autenticaci\u00f3n o el mantenimiento de la sesi\u00f3n del usuario registrado cuando navega por la p\u00e1gina. La desactivaci\u00f3n de estas cookies impide el funcionamiento correcto de algunas de las funcionalidades de la web.<\/p>\n<p><strong>Cookies Anal\u00edticas<\/strong><\/p>\n<p>Son&nbsp;<em>cookies anal\u00edticas,&nbsp;<\/em>aquellas que sirven para recabar estad\u00edsticas sobre la actividad del usuario en la web y la actividad general de la misma. La informaci\u00f3n recopilada es an\u00f3nima y permite optimizar la navegaci\u00f3n de una p\u00e1gina web y garantizar el mejor servicio al usuario. El usuario puede excluir su actividad mediante los sistemas de exclusi\u00f3n facilitados por las herramientas anal\u00edticas.<\/p>\n<p><strong>Cookies de terceros para la gesti\u00f3n de espacios publicitarios<\/strong><\/p>\n<p>Son cookies almacenadas por terceras partes que gestionan los espacios publicitarios que los usuarios visualizan al acceder a esta web. Estas cookies permiten medir la efectividad de campa\u00f1as online, proporcionar al usuario informaci\u00f3n de su inter\u00e9s y ofrecerle contenidos publicitarios de su preferencia. De conformidad con sus propias pol\u00edticas, algunos gestores de publicidad pueden utilizar las cookies an\u00f3nimas para mostrar anuncios de su inter\u00e9s cuando visite otras p\u00e1ginas web. No obstante, los usuarios pueden gestionar la aceptaci\u00f3n o no de dichas cookies mediante la configuraci\u00f3n de su navegador.<\/p>\n<p><strong>Garant\u00edas y opciones sobre las cookies<\/strong><\/p>\n<p>Por medio de la configuraci\u00f3n de su navegador, el usuario tiene la posibilidad de aceptar o rechazar la instalaci\u00f3n de cookies, o bien rechazar la instalaci\u00f3n de un determinado tipo de cookies, como las cookies de publicidad y de terceros. Adem\u00e1s, despu\u00e9s de cada sesi\u00f3n puede eliminar todas o algunas de las cookies almacenadas.<\/p>\n<p>Asimismo, el usuario puede activar:<\/p>\n<p>&#8211; La navegaci\u00f3n privada, mediante la cual su navegador deja de guardar el historial de navegaci\u00f3n, contrase\u00f1as de sitios web, cookies y otra informaci\u00f3n de las p\u00e1ginas que visita, o<\/p>\n<p>&#8211; la funci\u00f3n de no rastrear, por la que el navegador pide a los sitios web que visita que no rastreen sus h\u00e1bitos de navegaci\u00f3n para, por ejemplo, servirle publicidad de su inter\u00e9s en los sitios que visita.<\/p>\n<p>Le recomendamos que consulte la ayuda de su navegador para informarse de las diferentes opciones sobre c\u00f3mo gestionar las cookies. <strong>Tenga en cuenta que el bloqueo de cookies puede afectar a todas o algunas de las funcionalidades de nuestra web<\/strong>. Incluso, puede ocurrir que al NO ACEPTAR las cookies t\u00e9cnicas\/internas, no pueda acceder a nuestro website.<\/p>\n<p><strong>Cookies utilizadas en esta Web:<\/strong><\/p>\t\t\t\t\t\t<\/div>\n\t\t\t\t<\/div>\n\t\t\t\t<div class=\"elementor-element elementor-element-d7df578 elementor-widget elementor-widget-shortcode\" data-id=\"d7df578\" data-element_type=\"widget\" data-widget_type=\"shortcode.default\">\n\t\t\t\t<div class=\"elementor-widget-container\">\n\t\t\t\t\t<div class=\"elementor-shortcode\"><table class=\"wt-cli-element cookielawinfo-row-cat-table cookielawinfo-classic\"><thead><tr><th scope=\"col\" class=\"cookielawinfo-column-1\">Cookie<\/th><th scope=\"col\" class=\"cookielawinfo-column-2\">Tipo<\/th><th scope=\"col\" class=\"cookielawinfo-column-3\">Duraci\u00f3n<\/th><th scope=\"col\" class=\"cookielawinfo-column-4\">Descripci\u00f3n<\/th><\/tr><\/thead><tbody><tr class=\"cookielawinfo-row\"><td class=\"cookielawinfo-column-1\">_fbp<\/td><td class=\"cookielawinfo-column-2\"><\/td><td class=\"cookielawinfo-column-3\">3 meses<\/td><td class=\"cookielawinfo-column-4\">Facebook instala esta cookie para mostrar anuncios en Facebook o en una plataforma digital con publicidad de Facebook despu\u00e9s de visitar el sitio web.<\/td><\/tr><tr class=\"cookielawinfo-row\"><td class=\"cookielawinfo-column-1\">_ga<\/td><td class=\"cookielawinfo-column-2\"><\/td><td class=\"cookielawinfo-column-3\">2 years<\/td><td class=\"cookielawinfo-column-4\"><p id=\"tw-target-text\" class=\"tw-data-text tw-text-large tw-ta\" dir=\"ltr\" data-placeholder=\"Traducci\u00f3n\"><span class=\"Y2IQFc\" lang=\"es\">La cookie _ga, instalada por Google Analytics, calcula los datos de visitantes, sesiones y campa\u00f1as y tambi\u00e9n realiza un seguimiento del uso del sitio para el informe anal\u00edtico del sitio. La cookie almacena informaci\u00f3n de forma an\u00f3nima y asigna un n\u00famero generado aleatoriamente para reconocer a visitantes \u00fanicos.<\/span><\/p><\/td><\/tr><tr class=\"cookielawinfo-row\"><td class=\"cookielawinfo-column-1\">_ga_*<\/td><td class=\"cookielawinfo-column-2\"><\/td><td class=\"cookielawinfo-column-3\">1 year 1 month 4 days<\/td><td class=\"cookielawinfo-column-4\">Google Analytics sets this cookie to store and count page views.<\/td><\/tr><tr class=\"cookielawinfo-row\"><td class=\"cookielawinfo-column-1\">_ga_F4CSP2STT2<\/td><td class=\"cookielawinfo-column-2\"><\/td><td class=\"cookielawinfo-column-3\">2 years<\/td><td class=\"cookielawinfo-column-4\"><p id=\"tw-target-text\" class=\"tw-data-text tw-text-large tw-ta\" dir=\"ltr\" data-placeholder=\"Traducci\u00f3n\"><span class=\"Y2IQFc\" lang=\"es\">Esta cookie es instalada por Google Analytics.<\/span><\/p><\/td><\/tr><tr class=\"cookielawinfo-row\"><td class=\"cookielawinfo-column-1\">cookielawinfo-checkbox-analytics<\/td><td class=\"cookielawinfo-column-2\"><\/td><td class=\"cookielawinfo-column-3\">1 year<\/td><td class=\"cookielawinfo-column-4\"><div id=\"tw-target-text-container\" class=\"tw-ta-container F0azHf tw-nfl\" tabindex=\"0\">\r\n<p id=\"tw-target-text\" class=\"tw-data-text tw-text-large tw-ta\" dir=\"ltr\" data-placeholder=\"Traducci\u00f3n\"><span class=\"Y2IQFc\" lang=\"es\">Establecida por el complemento de consentimiento de cookies de GDPR, esta cookie se utiliza para registrar el consentimiento del usuario para las cookies en la categor\u00eda \"An\u00e1lisis\".<\/span><\/p>\r\n\r\n<\/div><\/td><\/tr><tr class=\"cookielawinfo-row\"><td class=\"cookielawinfo-column-1\">cookielawinfo-checkbox-necessary<\/td><td class=\"cookielawinfo-column-2\"><\/td><td class=\"cookielawinfo-column-3\">1 year<\/td><td class=\"cookielawinfo-column-4\"><p id=\"tw-target-text\" class=\"tw-data-text tw-text-large tw-ta\" dir=\"ltr\" data-placeholder=\"Traducci\u00f3n\"><span class=\"Y2IQFc\" lang=\"es\">Establecida por el complemento de consentimiento de cookies de GDPR, esta cookie se utiliza para registrar el consentimiento del usuario para las cookies en la categor\u00eda \"Necesario\".<\/span><\/p><\/td><\/tr><tr class=\"cookielawinfo-row\"><td class=\"cookielawinfo-column-1\">CookieLawInfoConsent<\/td><td class=\"cookielawinfo-column-2\"><\/td><td class=\"cookielawinfo-column-3\">1 year<\/td><td class=\"cookielawinfo-column-4\">CookieYes sets this cookie to record the default button state of the corresponding category and the status of CCPA. It works only in coordination with the primary cookie.<\/td><\/tr><tr class=\"cookielawinfo-row\"><td class=\"cookielawinfo-column-1\">elementor<\/td><td class=\"cookielawinfo-column-2\"><\/td><td class=\"cookielawinfo-column-3\">never<\/td><td class=\"cookielawinfo-column-4\"><p id=\"tw-target-text\" class=\"tw-data-text tw-text-large tw-ta\" dir=\"ltr\" data-placeholder=\"Traducci\u00f3n\"><span class=\"Y2IQFc\" lang=\"es\">Esta cookie es utilizada por el tema de WordPress del sitio web. Permite al propietario del sitio web implementar o cambiar el contenido del sitio web en tiempo real.<\/span><\/p><\/td><\/tr><tr class=\"cookielawinfo-row\"><td class=\"cookielawinfo-column-1\">viewed_cookie_policy<\/td><td class=\"cookielawinfo-column-2\"><\/td><td class=\"cookielawinfo-column-3\">1 year<\/td><td class=\"cookielawinfo-column-4\"><p id=\"tw-target-text\" class=\"tw-data-text tw-text-large tw-ta\" dir=\"ltr\" data-placeholder=\"Traducci\u00f3n\"><span class=\"Y2IQFc\" lang=\"es\">La cookie est\u00e1 configurada por el complemento de consentimiento de cookies de GDPR para almacenar si el usuario ha dado su consentimiento o no para el uso de cookies. No almacena ning\u00fan dato personal.<\/span><\/p><\/td><\/tr><tr class=\"cookielawinfo-row\"><td class=\"cookielawinfo-column-1\">wpEmojiSettingsSupports<\/td><td class=\"cookielawinfo-column-2\"><\/td><td class=\"cookielawinfo-column-3\">session<\/td><td class=\"cookielawinfo-column-4\">WordPress sets this cookie when a user interacts with emojis on a WordPress site.  It helps determine if the user's browser can display emojis properly.<\/td><\/tr><\/tbody><\/table><\/div>\n\t\t\t\t<\/div>\n\t\t\t\t<\/div>\n\t\t\t\t<div class=\"elementor-element elementor-element-579fbce elementor-widget elementor-widget-text-editor\" data-id=\"579fbce\" data-element_type=\"widget\" data-widget_type=\"text-editor.default\">\n\t\t\t\t<div class=\"elementor-widget-container\">\n\t\t\t\t\t\t\t<p><strong>Redes Sociales:<\/strong><\/p><p>Cookies de complementos externos de contenidos y Cookies usadas por redes sociales:<\/p><p>En otros sitios que no pertenecen a <strong>LIVISTO <\/strong>se instalan cookies de terceros a todos sus visitantes, aunque no sean usuarios registrados en las correspondientes plataformas:<\/p><ul><li><strong>LIVISTO <\/strong>en <strong>Twitter<\/strong>. Sus finalidades est\u00e1n descritas en la P\u00e1gina de Cookies de <strong>Twitter<\/strong>: <a href=\"https:\/\/support.twitter.com\/articles\/20170521-el-uso-que-hace-twitter-de-cookies-y-tecnologias-similares\">https:\/\/support.twitter.com\/articles\/20170521-el-uso-que-hace-twitter-de-cookies-y-tecnologias-similares<\/a><\/li><li><strong>LIVISTO <\/strong>en <strong>Facebook<\/strong>. Sus finalidades est\u00e1n descritas en la P\u00e1gina de Cookies de <strong>Facebook<\/strong>: <a href=\"https:\/\/es-es.facebook.com\/help\/cookies\/\">https:\/\/es-es.facebook.com\/help\/cookies\/<\/a><\/li><li><strong>LIVISTO <\/strong>en <strong>LinkedIn<\/strong>. Sus finalidades est\u00e1n descritas en la P\u00e1gina de Cookies de <strong>LinkedIn<\/strong>: <a href=\"https:\/\/www.linkedin.com\/legal\/cookie-policy?trk=organization-guest_footer-cookie-policy\">https:\/\/www.linkedin.com\/legal\/cookie-policy?trk=organization-guest_footer-cookie-policy<\/a><\/li><li><strong>LIVISTO <\/strong>en <strong>YouTube<\/strong>. Sus finalidades est\u00e1n descritas en la P\u00e1gina de Cookies de <strong>YouTube<\/strong>: <a href=\"https:\/\/www.google.es\/intl\/es\/policies\/privacy\/key-terms\/#toc-terms-cookie\">https:\/\/www.google.es\/intl\/es\/policies\/privacy\/key-terms\/#toc-terms-cookie<\/a><\/li><li><strong>LIVISTO <\/strong>en <strong>Instagram. <\/strong>Sus finalidades est\u00e1n descritas en la P\u00e1gina de Cookies de<strong> Instagram: <\/strong><a href=\"https:\/\/help.instagram.com\/1896641480634370?ref=ig\">https:\/\/help.instagram.com\/1896641480634370?ref=ig<\/a><\/li><\/ul><p>\u00a0<\/p><p><strong>Esta informaci\u00f3n la utilizamos para mejorar nuestra p\u00e1gina<\/strong>, detectar nuevas necesidades y valorar las mejoras a introducir con la finalidad de prestar un mejor servicio a los usuarios que nos visitan.<\/p><p><strong>Para permitir, conocer, bloquear o eliminar las cookies instaladas en tu equipo puedes hacerlo mediante la configuraci\u00f3n de las opciones del navegador instalado en su ordenador<\/strong>.<\/p><p>\u00a0<\/p><p>Por ejemplo, puedes encontrar informaci\u00f3n sobre c\u00f3mo hacerlo en el caso que uses alguno de estos navegadores:<\/p><p>Firefox desde aqu\u00ed:<\/p><p><u><a href=\"http:\/\/support.mozilla.org\/es\/kb\/habilitar-y-deshabilitar-cookies-que-los-sitios-we\">http:\/\/support.mozilla.org\/es\/kb\/habilitar-y-deshabilitar-cookies-que-los-sitios-we<\/a><\/u><\/p><p>Chrome desde aqu\u00ed:<\/p><p><u><a href=\"http:\/\/support.google.com\/chrome\/bin\/answer.py?hl=es&amp;answer=95647\">http:\/\/support.google.com\/chrome\/bin\/answer.py?hl=es&amp;answer=95647<\/a><\/u><\/p><p>Explorer desde aqu\u00ed:<\/p><p><a href=\"https:\/\/support.microsoft.com\/es-es\/help\/17442\/windows-internet-explorer-delete-manage-cookies\">https:\/\/support.microsoft.com\/es-es\/help\/17442\/windows-internet-explorer-delete-manage-cookies<\/a><\/p><p>Safari desde aqu\u00ed:<\/p><p><u><a href=\"http:\/\/support.apple.com\/kb\/ph5042\">http:\/\/support.apple.com\/kb\/ph5042<\/a><\/u><\/p><p>Opera desde aqu\u00ed:<\/p><p><u><a href=\"http:\/\/help.opera.com\/Windows\/11.50\/es-ES\/cookies.html\">http:\/\/help.opera.com\/Windows\/11.50\/es-ES\/cookies.html<\/a><\/u><\/p>\t\t\t\t\t\t<\/div>\n\t\t\t\t<\/div>\n\t\t\t\t\t<\/div>\n\t\t<\/div>\n\t\t\t\t\t<\/div>\n\t\t<\/section>\n\t\t\t\t<\/div>\n\t\t","protected":false},"excerpt":{"rendered":"<p>INDUSTRIAL VETERINARIA, S.A. una compa\u00f1\u00eda del Grupo LIVISTO, ha desarrollado esta pol\u00edtica para informarle de qu\u00e9 es una cookie, cu\u00e1les usamos en esta web y ayudarle a poder gestionarlas seg\u00fan sea de su inter\u00e9s. Con su visita a nuestra web est\u00e1 siendo informado de la existencia de cookies y de la presente pol\u00edtica de cookies. [&hellip;]<\/p>\n","protected":false},"author":1,"featured_media":0,"parent":0,"menu_order":90,"comment_status":"closed","ping_status":"closed","template":"page-standard.php","meta":{"inline_featured_image":false,"footnotes":""},"yoast_head":"<!-- This site is optimized with the Yoast SEO plugin v23.0 - https:\/\/yoast.com\/wordpress\/plugins\/seo\/ -->\n<title>Pol\u00edtica de cookies - HYALUTIDIN\u00ae DC<\/title>\n<meta name=\"robots\" content=\"index, follow, max-snippet:-1, max-image-preview:large, max-video-preview:-1\" \/>\n<link rel=\"canonical\" href=\"https:\/\/www.hyalutidin.com\/es\/politica-de-cookies\/\" \/>\n<meta property=\"og:locale\" content=\"es_ES\" \/>\n<meta property=\"og:type\" content=\"article\" \/>\n<meta property=\"og:title\" content=\"Pol\u00edtica de cookies - HYALUTIDIN\u00ae DC\" \/>\n<meta property=\"og:description\" content=\"INDUSTRIAL VETERINARIA, S.A. una compa\u00f1\u00eda del Grupo LIVISTO, ha desarrollado esta pol\u00edtica para informarle de qu\u00e9 es una cookie, cu\u00e1les usamos en esta web y ayudarle a poder gestionarlas seg\u00fan sea de su inter\u00e9s. Con su visita a nuestra web est\u00e1 siendo informado de la existencia de cookies y de la presente pol\u00edtica de cookies. [&hellip;]\" \/>\n<meta property=\"og:url\" content=\"https:\/\/www.hyalutidin.com\/es\/politica-de-cookies\/\" \/>\n<meta property=\"og:site_name\" content=\"HYALUTIDIN\u00ae DC\" \/>\n<meta property=\"article:modified_time\" content=\"2023-11-14T09:37:59+00:00\" \/>\n<meta name=\"twitter:card\" content=\"summary_large_image\" \/>\n<meta name=\"twitter:label1\" content=\"Tiempo de lectura\" \/>\n\t<meta name=\"twitter:data1\" content=\"6 minutos\" \/>\n<script type=\"application\/ld+json\" class=\"yoast-schema-graph\">{\"@context\":\"https:\/\/schema.org\",\"@graph\":[{\"@type\":\"WebPage\",\"@id\":\"https:\/\/www.hyalutidin.com\/es\/politica-de-cookies\/\",\"url\":\"https:\/\/www.hyalutidin.com\/es\/politica-de-cookies\/\",\"name\":\"Pol\u00edtica de cookies - HYALUTIDIN\u00ae DC\",\"isPartOf\":{\"@id\":\"https:\/\/www.hyalutidin.com\/es\/#website\"},\"datePublished\":\"2022-06-01T08:51:46+00:00\",\"dateModified\":\"2023-11-14T09:37:59+00:00\",\"breadcrumb\":{\"@id\":\"https:\/\/www.hyalutidin.com\/es\/politica-de-cookies\/#breadcrumb\"},\"inLanguage\":\"es\",\"potentialAction\":[{\"@type\":\"ReadAction\",\"target\":[\"https:\/\/www.hyalutidin.com\/es\/politica-de-cookies\/\"]}]},{\"@type\":\"BreadcrumbList\",\"@id\":\"https:\/\/www.hyalutidin.com\/es\/politica-de-cookies\/#breadcrumb\",\"itemListElement\":[{\"@type\":\"ListItem\",\"position\":1,\"name\":\"Home\",\"item\":\"https:\/\/www.hyalutidin.com\/es\/\"},{\"@type\":\"ListItem\",\"position\":2,\"name\":\"Pol\u00edtica de cookies\"}]},{\"@type\":\"WebSite\",\"@id\":\"https:\/\/www.hyalutidin.com\/es\/#website\",\"url\":\"https:\/\/www.hyalutidin.com\/es\/\",\"name\":\"HYALUTIDIN\u00ae DC\",\"description\":\"Helps to improve joint mobility\",\"publisher\":{\"@id\":\"https:\/\/www.hyalutidin.com\/es\/#organization\"},\"potentialAction\":[{\"@type\":\"SearchAction\",\"target\":{\"@type\":\"EntryPoint\",\"urlTemplate\":\"https:\/\/www.hyalutidin.com\/es\/?s={search_term_string}\"},\"query-input\":\"required name=search_term_string\"}],\"inLanguage\":\"es\"},{\"@type\":\"Organization\",\"@id\":\"https:\/\/www.hyalutidin.com\/es\/#organization\",\"name\":\"HYALUTIDIN\u00ae DC\",\"url\":\"https:\/\/www.hyalutidin.com\/es\/\",\"logo\":{\"@type\":\"ImageObject\",\"inLanguage\":\"es\",\"@id\":\"https:\/\/www.hyalutidin.com\/es\/#\/schema\/logo\/image\/\",\"url\":\"https:\/\/www.hyalutidin.com\/wp-content\/uploads\/2022\/06\/livisto.png\",\"contentUrl\":\"https:\/\/www.hyalutidin.com\/wp-content\/uploads\/2022\/06\/livisto.png\",\"width\":82,\"height\":44,\"caption\":\"HYALUTIDIN\u00ae DC\"},\"image\":{\"@id\":\"https:\/\/www.hyalutidin.com\/es\/#\/schema\/logo\/image\/\"}}]}<\/script>\n<!-- \/ Yoast SEO plugin. -->","yoast_head_json":{"title":"Pol\u00edtica de cookies - HYALUTIDIN\u00ae DC","robots":{"index":"index","follow":"follow","max-snippet":"max-snippet:-1","max-image-preview":"max-image-preview:large","max-video-preview":"max-video-preview:-1"},"canonical":"https:\/\/www.hyalutidin.com\/es\/politica-de-cookies\/","og_locale":"es_ES","og_type":"article","og_title":"Pol\u00edtica de cookies - HYALUTIDIN\u00ae DC","og_description":"INDUSTRIAL VETERINARIA, S.A. una compa\u00f1\u00eda del Grupo LIVISTO, ha desarrollado esta pol\u00edtica para informarle de qu\u00e9 es una cookie, cu\u00e1les usamos en esta web y ayudarle a poder gestionarlas seg\u00fan sea de su inter\u00e9s. Con su visita a nuestra web est\u00e1 siendo informado de la existencia de cookies y de la presente pol\u00edtica de cookies. [&hellip;]","og_url":"https:\/\/www.hyalutidin.com\/es\/politica-de-cookies\/","og_site_name":"HYALUTIDIN\u00ae DC","article_modified_time":"2023-11-14T09:37:59+00:00","twitter_card":"summary_large_image","twitter_misc":{"Tiempo de lectura":"6 minutos"},"schema":{"@context":"https:\/\/schema.org","@graph":[{"@type":"WebPage","@id":"https:\/\/www.hyalutidin.com\/es\/politica-de-cookies\/","url":"https:\/\/www.hyalutidin.com\/es\/politica-de-cookies\/","name":"Pol\u00edtica de cookies - HYALUTIDIN\u00ae DC","isPartOf":{"@id":"https:\/\/www.hyalutidin.com\/es\/#website"},"datePublished":"2022-06-01T08:51:46+00:00","dateModified":"2023-11-14T09:37:59+00:00","breadcrumb":{"@id":"https:\/\/www.hyalutidin.com\/es\/politica-de-cookies\/#breadcrumb"},"inLanguage":"es","potentialAction":[{"@type":"ReadAction","target":["https:\/\/www.hyalutidin.com\/es\/politica-de-cookies\/"]}]},{"@type":"BreadcrumbList","@id":"https:\/\/www.hyalutidin.com\/es\/politica-de-cookies\/#breadcrumb","itemListElement":[{"@type":"ListItem","position":1,"name":"Home","item":"https:\/\/www.hyalutidin.com\/es\/"},{"@type":"ListItem","position":2,"name":"Pol\u00edtica de cookies"}]},{"@type":"WebSite","@id":"https:\/\/www.hyalutidin.com\/es\/#website","url":"https:\/\/www.hyalutidin.com\/es\/","name":"HYALUTIDIN\u00ae DC","description":"Helps to improve joint mobility","publisher":{"@id":"https:\/\/www.hyalutidin.com\/es\/#organization"},"potentialAction":[{"@type":"SearchAction","target":{"@type":"EntryPoint","urlTemplate":"https:\/\/www.hyalutidin.com\/es\/?s={search_term_string}"},"query-input":"required name=search_term_string"}],"inLanguage":"es"},{"@type":"Organization","@id":"https:\/\/www.hyalutidin.com\/es\/#organization","name":"HYALUTIDIN\u00ae DC","url":"https:\/\/www.hyalutidin.com\/es\/","logo":{"@type":"ImageObject","inLanguage":"es","@id":"https:\/\/www.hyalutidin.com\/es\/#\/schema\/logo\/image\/","url":"https:\/\/www.hyalutidin.com\/wp-content\/uploads\/2022\/06\/livisto.png","contentUrl":"https:\/\/www.hyalutidin.com\/wp-content\/uploads\/2022\/06\/livisto.png","width":82,"height":44,"caption":"HYALUTIDIN\u00ae DC"},"image":{"@id":"https:\/\/www.hyalutidin.com\/es\/#\/schema\/logo\/image\/"}}]}},"_links":{"self":[{"href":"https:\/\/www.hyalutidin.com\/es\/wp-json\/wp\/v2\/pages\/1435"}],"collection":[{"href":"https:\/\/www.hyalutidin.com\/es\/wp-json\/wp\/v2\/pages"}],"about":[{"href":"https:\/\/www.hyalutidin.com\/es\/wp-json\/wp\/v2\/types\/page"}],"author":[{"embeddable":true,"href":"https:\/\/www.hyalutidin.com\/es\/wp-json\/wp\/v2\/users\/1"}],"replies":[{"embeddable":true,"href":"https:\/\/www.hyalutidin.com\/es\/wp-json\/wp\/v2\/comments?post=1435"}],"version-history":[{"count":5,"href":"https:\/\/www.hyalutidin.com\/es\/wp-json\/wp\/v2\/pages\/1435\/revisions"}],"predecessor-version":[{"id":2068,"href":"https:\/\/www.hyalutidin.com\/es\/wp-json\/wp\/v2\/pages\/1435\/revisions\/2068"}],"wp:attachment":[{"href":"https:\/\/www.hyalutidin.com\/es\/wp-json\/wp\/v2\/media?parent=1435"}],"curies":[{"name":"wp","href":"https:\/\/api.w.org\/{rel}","templated":true}]}}